{"id":5624,"date":"2019-11-17T12:15:04","date_gmt":"2019-11-17T17:15:04","guid":{"rendered":"https:\/\/www.airportlightingcompany.com\/?post_type=product&#038;p=5624"},"modified":"2026-03-04T14:32:18","modified_gmt":"2026-03-04T19:32:18","slug":"l-849-l-runway-end-identification-light-led-reils-sal-1030","status":"publish","type":"product","link":"https:\/\/www.airportlightingcompany.com\/es\/producto\/l-849-l-runway-end-identification-light-led-reils-sal-1030\/","title":{"rendered":"L-849 (L) Luz de identificaci\u00f3n de final de pista LED REILS - SAL 1030"},"content":{"rendered":"","protected":false},"excerpt":{"rendered":"","protected":false},"featured_media":2835,"comment_status":"open","ping_status":"closed","template":"","meta":{"_acf_changed":false},"product_brand":[],"product_cat":[19,16],"product_tag":[],"class_list":{"0":"post-5624","1":"product","2":"type-product","3":"status-publish","4":"has-post-thumbnail","6":"product_cat-approach-lights-navigational-aids","7":"product_cat-led-products","9":"first","10":"instock","11":"shipping-taxable","12":"purchasable","13":"product-type-variable"},"acf":[],"yoast_head":"<!-- This site is optimized with the Yoast SEO plugin v27.2 - https:\/\/yoast.com\/product\/yoast-seo-wordpress\/ -->\n<title>L-849 (L) Runway End Identification Light LED REILS \u2013 SAL 1030 | Airport Lighting Company<\/title>\n<meta name=\"description\" content=\"LED REIL provides a visual indication to pilots of the runway threshold during an approach.\" \/>\n<meta name=\"robots\" content=\"index, follow, max-snippet:-1, max-image-preview:large, max-video-preview:-1\" \/>\n<link rel=\"canonical\" href=\"https:\/\/www.airportlightingcompany.com\/es\/producto\/l-849-l-runway-end-identification-light-led-reils-sal-1030\/\" \/>\n<meta property=\"og:locale\" content=\"es_MX\" \/>\n<meta property=\"og:type\" content=\"article\" \/>\n<meta property=\"og:title\" content=\"L-849 (L) Runway End Identification Light LED REILS \u2013 SAL 1030 | Airport Lighting Company\" \/>\n<meta property=\"og:description\" content=\"LED REIL provides a visual indication to pilots of the runway threshold during an approach.\" \/>\n<meta property=\"og:url\" content=\"https:\/\/www.airportlightingcompany.com\/es\/producto\/l-849-l-runway-end-identification-light-led-reils-sal-1030\/\" \/>\n<meta property=\"og:site_name\" content=\"Airport Lighting Company\" \/>\n<meta property=\"article:modified_time\" content=\"2026-03-04T19:32:18+00:00\" \/>\n<meta property=\"og:image\" content=\"http:\/\/www.airportlightingcompany.com\/wp-content\/uploads\/2019\/11\/LEDstrobe.jpg\" \/>\n\t<meta property=\"og:image:width\" content=\"800\" \/>\n\t<meta property=\"og:image:height\" content=\"985\" \/>\n\t<meta property=\"og:image:type\" content=\"image\/jpeg\" \/>\n<meta name=\"twitter:card\" content=\"summary_large_image\" \/>\n<meta name=\"twitter:label1\" content=\"Tiempo de lectura\" \/>\n\t<meta name=\"twitter:data1\" content=\"1 minuto\" \/>\n<script type=\"application\/ld+json\" class=\"yoast-schema-graph\">{\"@context\":\"https:\/\/schema.org\",\"@graph\":[{\"@type\":\"WebPage\",\"@id\":\"https:\/\/www.airportlightingcompany.com\/product\/l-849-l-runway-end-identification-light-led-reils-sal-1030\/\",\"url\":\"https:\/\/www.airportlightingcompany.com\/product\/l-849-l-runway-end-identification-light-led-reils-sal-1030\/\",\"name\":\"L-849 (L) Runway End Identification Light LED REILS \u2013 SAL 1030 | Airport Lighting Company\",\"isPartOf\":{\"@id\":\"https:\/\/www.airportlightingcompany.com\/#website\"},\"primaryImageOfPage\":{\"@id\":\"https:\/\/www.airportlightingcompany.com\/product\/l-849-l-runway-end-identification-light-led-reils-sal-1030\/#primaryimage\"},\"image\":{\"@id\":\"https:\/\/www.airportlightingcompany.com\/product\/l-849-l-runway-end-identification-light-led-reils-sal-1030\/#primaryimage\"},\"thumbnailUrl\":\"https:\/\/www.airportlightingcompany.com\/wp-content\/uploads\/2019\/11\/LEDstrobe.jpg\",\"datePublished\":\"2019-11-17T17:15:04+00:00\",\"dateModified\":\"2026-03-04T19:32:18+00:00\",\"description\":\"LED REIL provides a visual indication to pilots of the runway threshold during an approach.\",\"breadcrumb\":{\"@id\":\"https:\/\/www.airportlightingcompany.com\/product\/l-849-l-runway-end-identification-light-led-reils-sal-1030\/#breadcrumb\"},\"inLanguage\":\"es\",\"potentialAction\":[{\"@type\":\"ReadAction\",\"target\":[\"https:\/\/www.airportlightingcompany.com\/product\/l-849-l-runway-end-identification-light-led-reils-sal-1030\/\"]}]},{\"@type\":\"ImageObject\",\"inLanguage\":\"es\",\"@id\":\"https:\/\/www.airportlightingcompany.com\/product\/l-849-l-runway-end-identification-light-led-reils-sal-1030\/#primaryimage\",\"url\":\"https:\/\/www.airportlightingcompany.com\/wp-content\/uploads\/2019\/11\/LEDstrobe.jpg\",\"contentUrl\":\"https:\/\/www.airportlightingcompany.com\/wp-content\/uploads\/2019\/11\/LEDstrobe.jpg\",\"width\":800,\"height\":985,\"caption\":\"L-849 (L) Runway End Identification Light LED REIL \u2013 SAL 1030\"},{\"@type\":\"BreadcrumbList\",\"@id\":\"https:\/\/www.airportlightingcompany.com\/product\/l-849-l-runway-end-identification-light-led-reils-sal-1030\/#breadcrumb\",\"itemListElement\":[{\"@type\":\"ListItem\",\"position\":1,\"name\":\"Home\",\"item\":\"https:\/\/www.airportlightingcompany.com\/\"},{\"@type\":\"ListItem\",\"position\":2,\"name\":\"Products\",\"item\":\"https:\/\/www.airportlightingcompany.com\/products\/\"},{\"@type\":\"ListItem\",\"position\":3,\"name\":\"L-849 (L) Runway End Identification Light LED REILS \u2013 SAL 1030\"}]},{\"@type\":\"WebSite\",\"@id\":\"https:\/\/www.airportlightingcompany.com\/#website\",\"url\":\"https:\/\/www.airportlightingcompany.com\/\",\"name\":\"Airport Lighting Company\",\"description\":\"Reliable Airport Lighting Products Since 1967\",\"publisher\":{\"@id\":\"https:\/\/www.airportlightingcompany.com\/#organization\"},\"potentialAction\":[{\"@type\":\"SearchAction\",\"target\":{\"@type\":\"EntryPoint\",\"urlTemplate\":\"https:\/\/www.airportlightingcompany.com\/?s={search_term_string}\"},\"query-input\":{\"@type\":\"PropertyValueSpecification\",\"valueRequired\":true,\"valueName\":\"search_term_string\"}}],\"inLanguage\":\"es\"},{\"@type\":\"Organization\",\"@id\":\"https:\/\/www.airportlightingcompany.com\/#organization\",\"name\":\"Airport Lighting Company\",\"url\":\"https:\/\/www.airportlightingcompany.com\/\",\"logo\":{\"@type\":\"ImageObject\",\"inLanguage\":\"es\",\"@id\":\"https:\/\/www.airportlightingcompany.com\/#\/schema\/logo\/image\/\",\"url\":\"http:\/\/www.airportlightingcompany.com\/wp-content\/uploads\/2020\/03\/alc-logo.png\",\"contentUrl\":\"http:\/\/www.airportlightingcompany.com\/wp-content\/uploads\/2020\/03\/alc-logo.png\",\"width\":800,\"height\":141,\"caption\":\"Airport Lighting Company\"},\"image\":{\"@id\":\"https:\/\/www.airportlightingcompany.com\/#\/schema\/logo\/image\/\"}}]}<\/script>\n<!-- \/ Yoast SEO plugin. -->","yoast_head_json":{"title":"L-849 (L) Luz de identificaci\u00f3n de final de pista LED REILS - SAL 1030 | Airport Lighting Company","description":"El LED REIL proporciona una indicaci\u00f3n visual a los pilotos del umbral de la pista durante una aproximaci\u00f3n.","robots":{"index":"index","follow":"follow","max-snippet":"max-snippet:-1","max-image-preview":"max-image-preview:large","max-video-preview":"max-video-preview:-1"},"canonical":"https:\/\/www.airportlightingcompany.com\/es\/producto\/l-849-l-runway-end-identification-light-led-reils-sal-1030\/","og_locale":"es_MX","og_type":"article","og_title":"L-849 (L) Runway End Identification Light LED REILS \u2013 SAL 1030 | Airport Lighting Company","og_description":"LED REIL provides a visual indication to pilots of the runway threshold during an approach.","og_url":"https:\/\/www.airportlightingcompany.com\/es\/producto\/l-849-l-runway-end-identification-light-led-reils-sal-1030\/","og_site_name":"Airport Lighting Company","article_modified_time":"2026-03-04T19:32:18+00:00","og_image":[{"width":800,"height":985,"url":"http:\/\/www.airportlightingcompany.com\/wp-content\/uploads\/2019\/11\/LEDstrobe.jpg","type":"image\/jpeg"}],"twitter_card":"summary_large_image","twitter_misc":{"Tiempo de lectura":"1 minuto"},"schema":{"@context":"https:\/\/schema.org","@graph":[{"@type":"WebPage","@id":"https:\/\/www.airportlightingcompany.com\/product\/l-849-l-runway-end-identification-light-led-reils-sal-1030\/","url":"https:\/\/www.airportlightingcompany.com\/product\/l-849-l-runway-end-identification-light-led-reils-sal-1030\/","name":"L-849 (L) Luz de identificaci\u00f3n de final de pista LED REILS - SAL 1030 | Airport Lighting Company","isPartOf":{"@id":"https:\/\/www.airportlightingcompany.com\/#website"},"primaryImageOfPage":{"@id":"https:\/\/www.airportlightingcompany.com\/product\/l-849-l-runway-end-identification-light-led-reils-sal-1030\/#primaryimage"},"image":{"@id":"https:\/\/www.airportlightingcompany.com\/product\/l-849-l-runway-end-identification-light-led-reils-sal-1030\/#primaryimage"},"thumbnailUrl":"https:\/\/www.airportlightingcompany.com\/wp-content\/uploads\/2019\/11\/LEDstrobe.jpg","datePublished":"2019-11-17T17:15:04+00:00","dateModified":"2026-03-04T19:32:18+00:00","description":"El LED REIL proporciona una indicaci\u00f3n visual a los pilotos del umbral de la pista durante una aproximaci\u00f3n.","breadcrumb":{"@id":"https:\/\/www.airportlightingcompany.com\/product\/l-849-l-runway-end-identification-light-led-reils-sal-1030\/#breadcrumb"},"inLanguage":"es","potentialAction":[{"@type":"ReadAction","target":["https:\/\/www.airportlightingcompany.com\/product\/l-849-l-runway-end-identification-light-led-reils-sal-1030\/"]}]},{"@type":"ImageObject","inLanguage":"es","@id":"https:\/\/www.airportlightingcompany.com\/product\/l-849-l-runway-end-identification-light-led-reils-sal-1030\/#primaryimage","url":"https:\/\/www.airportlightingcompany.com\/wp-content\/uploads\/2019\/11\/LEDstrobe.jpg","contentUrl":"https:\/\/www.airportlightingcompany.com\/wp-content\/uploads\/2019\/11\/LEDstrobe.jpg","width":800,"height":985,"caption":"L-849 (L) Runway End Identification Light LED REIL \u2013 SAL 1030"},{"@type":"BreadcrumbList","@id":"https:\/\/www.airportlightingcompany.com\/product\/l-849-l-runway-end-identification-light-led-reils-sal-1030\/#breadcrumb","itemListElement":[{"@type":"ListItem","position":1,"name":"Home","item":"https:\/\/www.airportlightingcompany.com\/"},{"@type":"ListItem","position":2,"name":"Products","item":"https:\/\/www.airportlightingcompany.com\/products\/"},{"@type":"ListItem","position":3,"name":"L-849 (L) Runway End Identification Light LED REILS \u2013 SAL 1030"}]},{"@type":"WebSite","@id":"https:\/\/www.airportlightingcompany.com\/#website","url":"https:\/\/www.airportlightingcompany.com\/","name":"Empresa de iluminaci\u00f3n de aeropuertos","description":"Productos fiables de iluminaci\u00f3n para aeropuertos desde 1967","publisher":{"@id":"https:\/\/www.airportlightingcompany.com\/#organization"},"potentialAction":[{"@type":"SearchAction","target":{"@type":"EntryPoint","urlTemplate":"https:\/\/www.airportlightingcompany.com\/?s={search_term_string}"},"query-input":{"@type":"PropertyValueSpecification","valueRequired":true,"valueName":"search_term_string"}}],"inLanguage":"es"},{"@type":"Organization","@id":"https:\/\/www.airportlightingcompany.com\/#organization","name":"Empresa de iluminaci\u00f3n de aeropuertos","url":"https:\/\/www.airportlightingcompany.com\/","logo":{"@type":"ImageObject","inLanguage":"es","@id":"https:\/\/www.airportlightingcompany.com\/#\/schema\/logo\/image\/","url":"http:\/\/www.airportlightingcompany.com\/wp-content\/uploads\/2020\/03\/alc-logo.png","contentUrl":"http:\/\/www.airportlightingcompany.com\/wp-content\/uploads\/2020\/03\/alc-logo.png","width":800,"height":141,"caption":"Airport Lighting Company"},"image":{"@id":"https:\/\/www.airportlightingcompany.com\/#\/schema\/logo\/image\/"}}]}},"_links":{"self":[{"href":"https:\/\/www.airportlightingcompany.com\/es\/wp-json\/wp\/v2\/product\/5624","targetHints":{"allow":["GET"]}}],"collection":[{"href":"https:\/\/www.airportlightingcompany.com\/es\/wp-json\/wp\/v2\/product"}],"about":[{"href":"https:\/\/www.airportlightingcompany.com\/es\/wp-json\/wp\/v2\/types\/product"}],"replies":[{"embeddable":true,"href":"https:\/\/www.airportlightingcompany.com\/es\/wp-json\/wp\/v2\/comments?post=5624"}],"wp:featuredmedia":[{"embeddable":true,"href":"https:\/\/www.airportlightingcompany.com\/es\/wp-json\/wp\/v2\/media\/2835"}],"wp:attachment":[{"href":"https:\/\/www.airportlightingcompany.com\/es\/wp-json\/wp\/v2\/media?parent=5624"}],"wp:term":[{"taxonomy":"product_brand","embeddable":true,"href":"https:\/\/www.airportlightingcompany.com\/es\/wp-json\/wp\/v2\/product_brand?post=5624"},{"taxonomy":"product_cat","embeddable":true,"href":"https:\/\/www.airportlightingcompany.com\/es\/wp-json\/wp\/v2\/product_cat?post=5624"},{"taxonomy":"product_tag","embeddable":true,"href":"https:\/\/www.airportlightingcompany.com\/es\/wp-json\/wp\/v2\/product_tag?post=5624"}],"curies":[{"name":"wp","href":"https:\/\/api.w.org\/{rel}","templated":true}]}}